{"id":2442,"date":"2023-10-15T10:44:00","date_gmt":"2023-10-15T08:44:00","guid":{"rendered":"https:\/\/villa-adriatic.com\/rezervacije\/"},"modified":"2024-04-25T16:11:36","modified_gmt":"2024-04-25T14:11:36","slug":"rezervacije","status":"publish","type":"page","link":"https:\/\/villa-adriatic.com\/sl\/rezervacije\/","title":{"rendered":"Rezervacije"},"content":{"rendered":"<!--themify_builder_content-->\n<div id=\"themify_builder_content-2442\" data-postid=\"2442\" class=\"themify_builder_content themify_builder_content-2442 themify_builder tf_clear\">\n                    <div  data-parallax-bg=\"desktop\" data-css_id=\"l1ys998\" data-lazy=\"1\" class=\"module_row themify_builder_row fullwidth tb_l1ys998 tb_first tf_w\">\n            <span  class=\"builder_row_cover tf_abs\" data-lazy=\"1\"><\/span>            <div class=\"row_inner col_align_top tb_col_count_2 tf_box tf_rel\">\n                        <div  data-lazy=\"1\" class=\"module_column tb-column col4-2 tb_h8rf998 first\">\n                    <!-- module text -->\n<div  class=\"module module-text tb_wa8k998   \" data-lazy=\"1\">\n        <div  class=\"tb_text_wrap\">\n        <h2>Villa Adriatic I\u010di\u0107i<\/h2>    <\/div>\n<\/div>\n<!-- \/module text --><!-- module text -->\n<div  class=\"module module-text tb_hswv998   \" data-lazy=\"1\">\n        <div  class=\"tb_text_wrap\">\n        <p>Rezerviraj svoj apartma ali Villo v I\u010di\u0107eh, par korakov do morja<\/p><p><strong>Apartma Chiara | Apartma Rebecca | Apartma Nina | Apartma Enio | Piccola Villa<\/strong><\/p><h4 class=\"image-pro-entity image-pro-title\">Opatijska riviera &#8211; I\u010di\u0107i<\/h4>    <\/div>\n<\/div>\n<!-- \/module text -->        <\/div>\n                    <div  data-lazy=\"1\" class=\"module_column tb-column col4-2 tb_nt7k3 last\">\n                            <\/div>\n                        <\/div>\n        <\/div>\n                        <div  data-anchor=\"rezerviraj\" data-css_id=\"mttn0\" data-lazy=\"1\" class=\"module_row themify_builder_row fullwidth tb_has_section tb_section-rezerviraj tb_mttn0 tf_w\">\n                        <div class=\"row_inner col_align_top tb_col_count_1 tf_box tf_rel\">\n                        <div  data-lazy=\"1\" class=\"module_column tb-column col-full tb_ys940 first\">\n                    <!-- module template_part -->\n<div  class=\"module module-layout-part tb_3p6f0 \">\n    <div class=\"tb_layout_part_wrap tf_w\"><!--themify_builder_content-->\n    <div  class=\"themify_builder_content themify_builder_content-2486 themify_builder not_editable_builder in_the_loop\" data-postid=\"2486\">\n                        <div  data-lazy=\"1\" class=\"module_row themify_builder_row tb_esqf244 tf_w\">\n                        <div class=\"row_inner col_align_top tb_col_count_2 tf_box tf_rel\">\n                        <div  data-lazy=\"1\" class=\"module_column tb-column col4-2 tb_pftp022 first\">\n                    <!-- module text -->\n<div  class=\"module module-text tb_k9vz000   \" data-lazy=\"1\">\n        <div  class=\"tb_text_wrap\">\n        <h3>Rezervirajte si svoj dopust v Villi Adriatic<\/h3>    <\/div>\n<\/div>\n<!-- \/module text --><!-- module contact -->\n<div  id=\"tb_dkv3848\" class=\"module module-contact tb_dkv3848 contact-style1 \" data-lazy=\"1\">\n    \n\t<form class=\"builder-contact\"\n\t\tid=\"tb_dkv3848-form\"\n\t\tmethod=\"post\"\n\t\tdata-post-id=\"2486\"\n\t\tdata-element-id=\"dkv3848\"\n\t\tdata-orig-id=\"2442\"\n\t>\n    <div class=\"contact-message\"><\/div>\n\t<input type=\"hidden\" id=\"bc_nonce\" name=\"bc_nonce\" value=\"66f32da822\" \/><input type=\"hidden\" name=\"_wp_http_referer\" value=\"\/sl\/wp-json\/wp\/v2\/pages\/2442\" \/>\t<div class=\"builder-contact-fields tf_rel\">\n\t\t    \t\t    <div class=\"builder-contact-field builder-contact-field-name builder-contact-text-field\">\n\t\t\t    <label class=\"control-label\" for=\"tb_dkv3848-contact-name\">\n\t\t\t\t\t\t\t\t\t\t<span class=\"tb-label-span\">Ime in priimek <\/span><span class=\"required\">*<\/span>\t\t\t\t<\/label>\n\t\t\t    <div class=\"control-input tf_rel\">\n\t\t\t\t    \t\t\t\t\t    <input type=\"text\" name=\"contact-name\" placeholder=\"\" id=\"tb_dkv3848-contact-name\" value=\"\" class=\"form-control\" required>\n\t\t\t\t    \t\t\t\t    \t\t\t    <\/div>\n\t\t<\/div>\n\t    \n\t\t    \t\t    <div class=\"builder-contact-field builder-contact-field-email builder-contact-text-field\">\n\t\t\t    <label class=\"control-label\" for=\"tb_dkv3848-contact-email\">\n\t\t\t\t\t\t\t\t\t\t<span class=\"tb-label-span\">E-po\u0161ta <\/span><span class=\"required\">*<\/span>\t\t\t\t<\/label>\n\t\t\t    <div class=\"control-input tf_rel\">\n\t\t\t\t    \t\t\t\t\t    <input type=\"email\" name=\"contact-email\" placeholder=\"\" id=\"tb_dkv3848-contact-email\" value=\"\" class=\"form-control\" required>\n\t\t\t\t    \t\t\t\t    \t\t\t    <\/div>\n\t\t<\/div>\n\t    \n\t\t    \t\t    \t\t    <div class=\"builder-contact-field builder-contact-field-extra builder-contact-select-field\">\n\t\t\t\t\n\t\t\t\t<label class=\"control-label\" for=\"field_extra_tb_dkv3848_0\">\n\t\t\t\t\t\n\t\t\t\t\tIzberite va\u0161o Villo ali apartma va\u0161u Villo ali apartma\t\t\t\t\t\t\t\t\t\t\t<input type=\"hidden\" name=\"field_extra_name_0\" value=\"Izberite va\u0161o Villo ali apartma va\u0161u Villo ali apartma\">\n\t\t\t\t\t\t\t\t\t<\/label>\n\t\t\t\t<div class=\"control-input tf_rel\">\n\t\t\t\t\t\t\t\t\t\t\t\t\t\t\t\t\t\t<select id=\"field_extra_tb_dkv3848_0\" name=\"field_extra_0\" class=\"form-control tf_scrollbar\">\n\t\t\t\t\t\t\t\t\t\t\t\t\t\t\t\t\t<option value=\"\"><\/option>\n\t\t\t\t\t\t\t\t\t\t\t\t\t\t\t\t\t\t\t\t\t\t\t\t\t<option value=\"Op\u0107i upit\"> Op\u0107i upit <\/option>\n\t\t\t\t\t\t\t\t\t\t\t\t\t\t\t\t\t<option value=\"Apartma Chiara\"> Apartma Chiara <\/option>\n\t\t\t\t\t\t\t\t\t\t\t\t\t\t\t\t\t<option value=\"Apartma Rebecca\"> Apartma Rebecca <\/option>\n\t\t\t\t\t\t\t\t\t\t\t\t\t\t\t\t\t<option value=\"Apartma Nina\"> Apartma Nina <\/option>\n\t\t\t\t\t\t\t\t\t\t\t\t\t\t\t\t\t<option value=\"Apartma Enio\"> Apartma Enio <\/option>\n\t\t\t\t\t\t\t\t\t\t\t\t\t\t\t\t\t<option value=\"Piccola Villa\"> Piccola Villa <\/option>\n\t\t\t\t\t\t\t\t\t\t\t\t\t\t\t<\/select>\n\t\t\t\t\t\t\t\t\t\t\t\n\t\t\t\t\t\t\t\t\t<\/div>\n\t\t    <\/div>\n\t    \n\t\t    \t\t    <div class=\"builder-contact-field builder-contact-field-message builder-contact-textarea-field\">\n\t\t\t    <label class=\"control-label\" for=\"tb_dkv3848-contact-message\">\n\t\t\t\t\t\t\t\t\t\t<span class=\"tb-label-span\">Sporo\u010dilo <\/span>\t\t\t\t<\/label>\n\t\t\t    <div class=\"control-input tf_rel\">\n\t\t\t\t    \t\t\t\t\t    <textarea name=\"contact-message\" placeholder=\"\" id=\"tb_dkv3848-contact-message\" class=\"form-control\"><\/textarea>\n\t\t\t\t    \t\t\t\t    \t\t\t    <\/div>\n\t\t<\/div>\n\t    \n\t\t    \t\t<div class=\"builder-contact-field builder-contact-field-sendcopy\">\n\t\t    <div class=\"control-label\">\n\t\t\t\t<div class=\"control-input tf_rel\">\n\t\t\t\t\t<label class=\"send-copy\">\n\t\t\t\t\t\t<input type=\"checkbox\" name=\"contact-sendcopy\" id=\"tb_dkv3848-sendcopy\" value=\"1\">\n\t\t\t\t\t\t<span>Po\u0161lji kopijo povpra\u0161evanja na svoj mail.<\/span>\n\t\t\t\t\t<\/label>\n\t\t\t\t<\/div>\n\t\t    <\/div>\n\t\t<\/div>\n\t    \t\t\n\t\t\n\t    \t\t\t<div class=\"builder-contact-field builder-contact-field-captcha\">\n\n\t\t\t\t\n\t\t\t\t<div class=\"control-input tf_rel\">\n                    <div class=\"themify_captcha_field \" data-sitekey=\"6Lf3msYoAAAAAGl7kQJgFJ1KMr8yF2cd11163ZCD\" data-ver=\"v3\"><\/div>\t\t\t\t<\/div>\n\n\t\t\t<\/div><!-- .builder-contact-field-captcha -->\n\t    \n\t    <div class=\"builder-contact-field builder-contact-field-send control-input tf_textl tf_clear tf_rel\">\n\t\t\t<button type=\"submit\" class=\"btn btn-primary\">\n\t\t\t\t<span class=\"tf_loader\"><\/span>\t\t\t\t<span class=\"tf_submit_icon\"><\/span> \n\t\t\t\tPo\u0161lji\t\t\t<\/button>\n\t    <\/div>\n\t<\/div>\n    <\/form>\n    <\/div>\n<!-- \/module contact -->\n        <\/div>\n                    <div  data-lazy=\"1\" class=\"module_column tb-column col4-2 tb_8b2i000 last\">\n                    <!-- module text -->\n<div  class=\"module module-text tb_kflr006   \" data-lazy=\"1\">\n        <div  class=\"tb_text_wrap\">\n        <p><strong>Villa Adriatic<\/strong>: <a href=\"https:\/\/maps.app.goo.gl\/byQrtneqVKGEw5mn7\" target=\"_blank\" rel=\"noopener\">Ulica 1. maja, 6, 51414 I\u010di\u0107i, Hrvatska<\/a><\/p><p><strong>Email<\/strong>: <a href=\"mailto:apartmentsadriatic.icici@gmail.com\">apartmentsadriatic.icici@gmail.com<\/a><\/p><p><strong>Tel<\/strong>: <a href=\"tel:00385915019965\">00385 (0)91 501 99 65<\/a><\/p>    <\/div>\n<\/div>\n<!-- \/module text --><!-- module maps pro -->\n<div  id=\"tb_lr2e606\" class=\"module module-maps-pro tb_lr2e606  tf_lazy\" data-zoom=\"8\" data-type=\"TERRAIN\" data-address=\"45.3125314,14.2716471\" data-scrollwheel=\"\" data-draggable=\"enable\" data-disable_map_ui=\"\" data-polyline=\"\" data-geodesic=\"\" data-polylineStroke=\"2\" data-polylineColor=\"\" data-trigger=\"1\" data-mapid=\"\" data-style_map=\"clean-cut\" data-legacymarkers=\"\" data-lazy=\"1\">\n\t\n\t\t\t<div class=\"maps-pro-canvas-container\">\n\t\t\t<div class=\"maps-pro-canvas\" style=\"width:100%;height:500px\"><\/div>\n\t\t<\/div>\n\t\t\t\t\t<template>\n\t\t\t\t\t\t\t\t\t<div data-address=\"45.3125314,14.2716471\" data-image=\"\">\n\t\t\t\t\t\tVilla Adriatic Apartments\t\t\t\t\t<\/div>\n\t\t\t\t\t\t\t<\/template>\n\t\t\t\t\n\t<\/div>\n<!-- \/module maps pro -->        <\/div>\n                        <\/div>\n        <\/div>\n            <\/div>\n<!--\/themify_builder_content--><\/div>\n<\/div>\n<!-- \/module template_part -->        <\/div>\n                        <\/div>\n        <\/div>\n                        <div  data-parallax-bg=\"desktop\" data-css_id=\"yi5h445\" data-lazy=\"1\" class=\"module_row themify_builder_row fullwidth tb_yi5h445 tf_w\">\n            <span  class=\"builder_row_cover tf_abs\" data-lazy=\"1\"><\/span>            <div class=\"row_inner col_align_top tb_col_count_2 tf_box tf_rel\">\n                        <div  data-lazy=\"1\" class=\"module_column tb-column col4-2 tb_uwqu947 first\">\n                    <!-- module text -->\n<div  class=\"module module-text tb_qolc947   \" data-lazy=\"1\">\n        <div  class=\"tb_text_wrap\">\n        <h2>Villa Natura Crikvenica<\/h2>    <\/div>\n<\/div>\n<!-- \/module text --><!-- module text -->\n<div  class=\"module module-text tb_nduf947   \" data-lazy=\"1\">\n        <div  class=\"tb_text_wrap\">\n        <p>Rezerviraj celotno Villo samo zase. Harmonija narave in morja.<\/p>\n<p><strong>240 m2 | \u0161tiri spalnice | \u0161tiri kopalnice | otro\u0161ko igri\u0161\u010de | brezpla\u010dna izposoja koles | zunanji bazen<\/strong><\/p>\n<h4>Riviera Crikvenica<\/h4>    <\/div>\n<\/div>\n<!-- \/module text -->        <\/div>\n                    <div  data-lazy=\"1\" class=\"module_column tb-column col4-2 tb_57fo53 last\">\n                            <\/div>\n                        <\/div>\n        <\/div>\n                        <div  data-anchor=\"rezerviraj\" data-css_id=\"0b3a776\" data-lazy=\"1\" class=\"module_row themify_builder_row fullwidth tb_has_section tb_section-rezerviraj tb_0b3a776 tf_w\">\n                        <div class=\"row_inner col_align_top tb_col_count_1 tf_box tf_rel\">\n                        <div  data-lazy=\"1\" class=\"module_column tb-column col-full tb_ypg5776 first\">\n                    <!-- module template_part -->\n<div  class=\"module module-layout-part tb_rila776 \">\n    <div class=\"tb_layout_part_wrap tf_w\"><!--themify_builder_content-->\n    <div  class=\"themify_builder_content themify_builder_content-2483 themify_builder not_editable_builder in_the_loop\" data-postid=\"2483\">\n                        <div  data-lazy=\"1\" class=\"module_row themify_builder_row tb_u0lu630 tf_w\">\n                        <div class=\"row_inner col_align_top tb_col_count_2 tf_box tf_rel\">\n                        <div  data-lazy=\"1\" class=\"module_column tb-column col4-2 tb_5cu0017 first\">\n                    <!-- module text -->\n<div  class=\"module module-text tb_j5f8770   \" data-lazy=\"1\">\n        <div  class=\"tb_text_wrap\">\n        <div class=\"module module-text tb_7e6s700\"><div class=\"tb_text_wrap\"><h3>Rezervirajte si svoj dopust v Villi Natura<\/h3><\/div><\/div>    <\/div>\n<\/div>\n<!-- \/module text --><!-- module contact -->\n<div  id=\"tb_brih847\" class=\"module module-contact tb_brih847 contact-style1 \" data-lazy=\"1\">\n    \n\t<form class=\"builder-contact\"\n\t\tid=\"tb_brih847-form\"\n\t\tmethod=\"post\"\n\t\tdata-post-id=\"2483\"\n\t\tdata-element-id=\"brih847\"\n\t\tdata-orig-id=\"2442\"\n\t>\n    <div class=\"contact-message\"><\/div>\n\t<input type=\"hidden\" id=\"bc_nonce\" name=\"bc_nonce\" value=\"66f32da822\" \/><input type=\"hidden\" name=\"_wp_http_referer\" value=\"\/sl\/wp-json\/wp\/v2\/pages\/2442\" \/>\t<div class=\"builder-contact-fields tf_rel\">\n\t\t    \t\t    <div class=\"builder-contact-field builder-contact-field-name builder-contact-text-field\">\n\t\t\t    <label class=\"control-label\" for=\"tb_brih847-contact-name\">\n\t\t\t\t\t\t\t\t\t\t<span class=\"tb-label-span\">Ime in priimek <\/span><span class=\"required\">*<\/span>\t\t\t\t<\/label>\n\t\t\t    <div class=\"control-input tf_rel\">\n\t\t\t\t    \t\t\t\t\t    <input type=\"text\" name=\"contact-name\" placeholder=\"\" id=\"tb_brih847-contact-name\" value=\"\" class=\"form-control\" required>\n\t\t\t\t    \t\t\t\t    \t\t\t    <\/div>\n\t\t<\/div>\n\t    \n\t\t    \t\t    <div class=\"builder-contact-field builder-contact-field-email builder-contact-text-field\">\n\t\t\t    <label class=\"control-label\" for=\"tb_brih847-contact-email\">\n\t\t\t\t\t\t\t\t\t\t<span class=\"tb-label-span\">E-po\u0161ta <\/span><span class=\"required\">*<\/span>\t\t\t\t<\/label>\n\t\t\t    <div class=\"control-input tf_rel\">\n\t\t\t\t    \t\t\t\t\t    <input type=\"email\" name=\"contact-email\" placeholder=\"\" id=\"tb_brih847-contact-email\" value=\"\" class=\"form-control\" required>\n\t\t\t\t    \t\t\t\t    \t\t\t    <\/div>\n\t\t<\/div>\n\t    \n\t\t    \t\t    \t\t    <div class=\"builder-contact-field builder-contact-field-extra builder-contact-text-field\">\n\t\t\t\t\n\t\t\t\t<label class=\"control-label\" for=\"field_extra_tb_brih847_0\">\n\t\t\t\t\t\n\t\t\t\t\tIzberite va\u0161o Villo ali apartma va\u0161u Villo ali apartma\t\t\t\t\t\t\t\t\t\t\t<input type=\"hidden\" name=\"field_extra_name_0\" value=\"Izberite va\u0161o Villo ali apartma va\u0161u Villo ali apartma\">\n\t\t\t\t\t\t\t\t\t<\/label>\n\t\t\t\t<div class=\"control-input tf_rel\">\n\t\t\t\t\t\t\t\t\t\t\t<input type=\"text\" name=\"field_extra_0\" id=\"field_extra_tb_brih847_0\" placeholder=\"Villa Natura\" class=\"form-control\">\n\t\t\t\t\t\n\t\t\t\t\t\t\t\t\t<\/div>\n\t\t    <\/div>\n\t    \n\t\t    \t\t    <div class=\"builder-contact-field builder-contact-field-message builder-contact-textarea-field\">\n\t\t\t    <label class=\"control-label\" for=\"tb_brih847-contact-message\">\n\t\t\t\t\t\t\t\t\t\t<span class=\"tb-label-span\">Sporo\u010dilo <\/span>\t\t\t\t<\/label>\n\t\t\t    <div class=\"control-input tf_rel\">\n\t\t\t\t    \t\t\t\t\t    <textarea name=\"contact-message\" placeholder=\"\" id=\"tb_brih847-contact-message\" class=\"form-control\"><\/textarea>\n\t\t\t\t    \t\t\t\t    \t\t\t    <\/div>\n\t\t<\/div>\n\t    \n\t\t    \t\t<div class=\"builder-contact-field builder-contact-field-sendcopy\">\n\t\t    <div class=\"control-label\">\n\t\t\t\t<div class=\"control-input tf_rel\">\n\t\t\t\t\t<label class=\"send-copy\">\n\t\t\t\t\t\t<input type=\"checkbox\" name=\"contact-sendcopy\" id=\"tb_brih847-sendcopy\" value=\"1\">\n\t\t\t\t\t\t<span>Po\u0161lji kopijo povpra\u0161evanja na svoj mail.<\/span>\n\t\t\t\t\t<\/label>\n\t\t\t\t<\/div>\n\t\t    <\/div>\n\t\t<\/div>\n\t    \t\t\n\t\t\n\t    \t\t\t<div class=\"builder-contact-field builder-contact-field-captcha\">\n\n\t\t\t\t\n\t\t\t\t<div class=\"control-input tf_rel\">\n                    <div class=\"themify_captcha_field \" data-sitekey=\"6Lf3msYoAAAAAGl7kQJgFJ1KMr8yF2cd11163ZCD\" data-ver=\"v3\"><\/div>\t\t\t\t<\/div>\n\n\t\t\t<\/div><!-- .builder-contact-field-captcha -->\n\t    \n\t    <div class=\"builder-contact-field builder-contact-field-send control-input tf_textl tf_clear tf_rel\">\n\t\t\t<button type=\"submit\" class=\"btn btn-primary\">\n\t\t\t\t<span class=\"tf_loader\"><\/span>\t\t\t\t<span class=\"tf_submit_icon\"><\/span> \n\t\t\t\tPo\u0161lji\t\t\t<\/button>\n\t    <\/div>\n\t<\/div>\n    <\/form>\n    <\/div>\n<!-- \/module contact -->\n        <\/div>\n                    <div  data-lazy=\"1\" class=\"module_column tb-column col4-2 tb_1hbx400 last\">\n                    <!-- module text -->\n<div  class=\"module module-text tb_jhro444   \" data-lazy=\"1\">\n        <div  class=\"tb_text_wrap\">\n        <p><strong>Villa Natura<\/strong>: <a href=\"https:\/\/maps.app.goo.gl\/7qqTHx1ekBMNWYvL6\" target=\"_blank\" rel=\"noopener\">Pe\u0107ca 31A, 51243, Tribalj<\/a><\/p><p><strong>Email<\/strong>: <a href=\"mailto:apartmentsadriatic.icici@gmail.com\">apartmentsadriatic.icici@gmail.com<\/a><\/p><p><strong>Tel<\/strong>: <a href=\"tel:00385915019965\">00385 (0)91 501 99 65<\/a><\/p>    <\/div>\n<\/div>\n<!-- \/module text --><!-- module maps pro -->\n<div  id=\"tb_re1h794\" class=\"module module-maps-pro tb_re1h794  tf_lazy\" data-zoom=\"8\" data-type=\"TERRAIN\" data-address=\"45.2157654,14.6881016\" data-scrollwheel=\"\" data-draggable=\"enable\" data-disable_map_ui=\"\" data-polyline=\"\" data-geodesic=\"\" data-polylineStroke=\"2\" data-polylineColor=\"\" data-trigger=\"1\" data-mapid=\"\" data-style_map=\"clean-cut\" data-legacymarkers=\"\" data-lazy=\"1\">\n\t\n\t\t\t<div class=\"maps-pro-canvas-container\">\n\t\t\t<div class=\"maps-pro-canvas\" style=\"width:100%;height:500px\"><\/div>\n\t\t<\/div>\n\t\t\t\t\t<template>\n\t\t\t\t\t\t\t\t\t<div data-address=\"45.2157654,14.6881016\" data-image=\"\">\n\t\t\t\t\t\tVilla Natura\t\t\t\t\t<\/div>\n\t\t\t\t\t\t\t<\/template>\n\t\t\t\t\n\t<\/div>\n<!-- \/module maps pro -->        <\/div>\n                        <\/div>\n        <\/div>\n            <\/div>\n<!--\/themify_builder_content--><\/div>\n<\/div>\n<!-- \/module template_part -->        <\/div>\n                        <\/div>\n        <\/div>\n        <\/div>\n<!--\/themify_builder_content-->","protected":false},"excerpt":{"rendered":"<p>Villa Adriatic I\u010di\u0107i<\/p>\n","protected":false},"author":1,"featured_media":0,"parent":0,"menu_order":0,"comment_status":"closed","ping_status":"closed","template":"","meta":{"_monsterinsights_skip_tracking":false,"_monsterinsights_sitenote_active":false,"_monsterinsights_sitenote_note":"","_monsterinsights_sitenote_category":0,"footnotes":""},"class_list":["post-2442","page","type-page","status-publish","hentry","has-post-title","has-post-date","has-post-category","has-post-tag","has-post-comment","has-post-author",""],"aioseo_notices":[],"builder_content":"<h2>Villa Adriatic I\u010di\u0107i<\/h2>\n<p>Rezerviraj svoj apartma ali Villo v I\u010di\u0107eh, par korakov do morja<\/p><p><strong>Apartma Chiara | Apartma Rebecca | Apartma Nina | Apartma Enio | Piccola Villa<\/strong><\/p><h4>Opatijska riviera - I\u010di\u0107i<\/h4>\n<h2>Villa Natura Crikvenica<\/h2>\n<p>Rezerviraj celotno Villo samo zase. Harmonija narave in morja.<\/p> <p><strong>240 m2 | \u0161tiri spalnice | \u0161tiri kopalnice | otro\u0161ko igri\u0161\u010de | brezpla\u010dna izposoja koles | zunanji bazen<\/strong><\/p> <h4>Riviera Crikvenica<\/h4>","_links":{"self":[{"href":"https:\/\/villa-adriatic.com\/sl\/wp-json\/wp\/v2\/pages\/2442","targetHints":{"allow":["GET"]}}],"collection":[{"href":"https:\/\/villa-adriatic.com\/sl\/wp-json\/wp\/v2\/pages"}],"about":[{"href":"https:\/\/villa-adriatic.com\/sl\/wp-json\/wp\/v2\/types\/page"}],"author":[{"embeddable":true,"href":"https:\/\/villa-adriatic.com\/sl\/wp-json\/wp\/v2\/users\/1"}],"replies":[{"embeddable":true,"href":"https:\/\/villa-adriatic.com\/sl\/wp-json\/wp\/v2\/comments?post=2442"}],"version-history":[{"count":4,"href":"https:\/\/villa-adriatic.com\/sl\/wp-json\/wp\/v2\/pages\/2442\/revisions"}],"predecessor-version":[{"id":2546,"href":"https:\/\/villa-adriatic.com\/sl\/wp-json\/wp\/v2\/pages\/2442\/revisions\/2546"}],"wp:attachment":[{"href":"https:\/\/villa-adriatic.com\/sl\/wp-json\/wp\/v2\/media?parent=2442"}],"curies":[{"name":"wp","href":"https:\/\/api.w.org\/{rel}","templated":true}]}}